{"id":2606,"date":"2024-12-17T08:09:35","date_gmt":"2024-12-17T08:09:35","guid":{"rendered":"https:\/\/mobility.metazet.com\/erklaerung-zum-datenschutz\/"},"modified":"2024-12-18T15:41:14","modified_gmt":"2024-12-18T15:41:14","slug":"erklaerung-zum-datenschutz","status":"publish","type":"page","link":"https:\/\/mobility.metazet.com\/de\/erklaerung-zum-datenschutz\/","title":{"rendered":"Erkl\u00e4rung zum Datenschutz"},"content":{"rendered":"\t\t<div data-elementor-type=\"wp-page\" data-elementor-id=\"2606\" class=\"elementor elementor-2606 elementor-1836\" data-elementor-post-type=\"page\">\n\t\t\t\t<div class=\"elementor-element elementor-element-a85a95e e-con-full e-flex e-con e-parent\" data-id=\"a85a95e\" data-element_type=\"container\" data-e-type=\"container\">\n\t\t<div class=\"elementor-element elementor-element-17a57e7 e-con-full e-flex e-con e-child\" data-id=\"17a57e7\" data-element_type=\"container\" data-e-type=\"container\">\n\t\t\t\t<div class=\"elementor-element elementor-element-b1a8061 animated-slow elementor-invisible elementor-widget elementor-widget-heading\" data-id=\"b1a8061\" data-element_type=\"widget\" data-e-type=\"widget\" data-settings=\"{&quot;_animation&quot;:&quot;fadeIn&quot;}\" data-widget_type=\"heading.default\">\n\t\t\t\t<div class=\"elementor-widget-container\">\n\t\t\t\t\t<h1 class=\"elementor-heading-title elementor-size-default\">Erkl\u00e4rung zum Datenschutz<\/h1>\t\t\t\t<\/div>\n\t\t\t\t<\/div>\n\t\t\t\t<div class=\"elementor-element elementor-element-fdcfcab elementor-invisible elementor-widget elementor-widget-heading\" data-id=\"fdcfcab\" data-element_type=\"widget\" data-e-type=\"widget\" data-settings=\"{&quot;_animation&quot;:&quot;fadeIn&quot;,&quot;_animation_delay&quot;:100}\" data-widget_type=\"heading.default\">\n\t\t\t\t<div class=\"elementor-widget-container\">\n\t\t\t\t\t<h2 class=\"elementor-heading-title elementor-size-default\">Mobility MetazetHier finden Sie die Datenschutzbestimmungen von .<\/h2>\t\t\t\t<\/div>\n\t\t\t\t<\/div>\n\t\t\t\t<\/div>\n\t\t<div class=\"elementor-element elementor-element-8396299 e-con-full animated-slow e-flex elementor-invisible e-con e-child\" data-id=\"8396299\" data-element_type=\"container\" data-e-type=\"container\" data-settings=\"{&quot;background_background&quot;:&quot;classic&quot;,&quot;animation&quot;:&quot;fadeIn&quot;}\">\n\t\t<div class=\"elementor-element elementor-element-1b9f32c e-con-full e-flex e-con e-child\" data-id=\"1b9f32c\" data-element_type=\"container\" data-e-type=\"container\" data-settings=\"{&quot;background_background&quot;:&quot;classic&quot;}\">\n\t\t\t\t<div class=\"elementor-element elementor-element-3030c95 elementor-widget elementor-widget-spacer\" data-id=\"3030c95\" data-element_type=\"widget\" data-e-type=\"widget\" data-widget_type=\"spacer.default\">\n\t\t\t\t<div class=\"elementor-widget-container\">\n\t\t\t\t\t\t\t<div class=\"elementor-spacer\">\n\t\t\t<div class=\"elementor-spacer-inner\"><\/div>\n\t\t<\/div>\n\t\t\t\t\t\t<\/div>\n\t\t\t\t<\/div>\n\t\t\t\t<\/div>\n\t\t\t\t<\/div>\n\t\t\t\t<\/div>\n\t\t<div class=\"elementor-element elementor-element-4c70ab2 e-con-full e-flex e-con e-parent\" data-id=\"4c70ab2\" data-element_type=\"container\" data-e-type=\"container\">\n\t\t<div class=\"elementor-element elementor-element-0376634 e-con-full e-flex e-con e-child\" data-id=\"0376634\" data-element_type=\"container\" data-e-type=\"container\">\n\t\t\t\t<div class=\"elementor-element elementor-element-24f70ed animated-slow elementor-invisible elementor-widget elementor-widget-text-editor\" data-id=\"24f70ed\" data-element_type=\"widget\" data-e-type=\"widget\" data-settings=\"{&quot;_animation&quot;:&quot;fadeIn&quot;,&quot;_animation_delay&quot;:200}\" data-widget_type=\"text-editor.default\">\n\t\t\t\t<div class=\"elementor-widget-container\">\n\t\t\t\t\t\t\t\t\t<p><strong>Erkl\u00e4rung zum Datenschutz<\/strong><\/p>\n<p><span style=\"color: var( --e-global-color-text ); font-family: var( --e-global-typography-text-font-family ), Sans-serif; font-size: var( --e-global-typography-text-font-size ); font-weight: var( --e-global-typography-text-font-weight ); text-align: var(--text-align); background-color: var( --e-global-color-accent );\">MetazetHier wird beschrieben, wie Ihre pers\u00f6nlichen Daten, die von uns gesammelt wurden, behandelt werden.<\/span><\/p>\n<p><strong>Einf\u00fchrung<\/strong><\/p>\n<p>In dieser Datenschutzerkl\u00e4rung erfahren Sie alles dar\u00fcber, wie Ihre pers\u00f6nlichen Daten gesammelt und behandelt werden. Sie erkl\u00e4rt, wo Ihre Daten gespeichert werden und zu welchen Zwecken Ihre Daten gespeichert werden. Sie finden hier auch alle Ihre Rechte in Bezug auf Ihre Daten und wie Sie diese Rechte aus\u00fcben k\u00f6nnen.  <\/p>\n<p>Die Datenschutzerkl\u00e4rung wird gelegentlich ge\u00e4ndert, z.B. aufgrund von Gesetzes\u00e4nderungen. Es ist daher ratsam, die Erkl\u00e4rung in regelm\u00e4\u00dfigen Abst\u00e4nden zu lesen. <\/p>\n<p><strong>Metazet<\/strong><\/p>\n<p>MetazetSie lesen gerade die Datenschutzerkl\u00e4rung von . Metazet Es gibt Situationen, in denen Ihre Daten von . Daher ist es gut, wenn Sie wissen, was mit diesen Daten geschieht und wie Sie Ihre W\u00fcnsche bez\u00fcglich Ihrer Daten angeben k\u00f6nnen. Darum geht es in dieser Erkl\u00e4rung.   <\/p>\n<p>MetazetWenn Sie sich bei der Verwendung Ihrer Daten unwohl f\u00fchlen, k\u00f6nnen Sie uns gerne kontaktieren.<\/p>\n<p><strong>Metazet | +31 174-225822<\/strong><\/p>\n<p><strong>De Lierseweg 6 | 2291 PD | Wateringen<\/strong><\/p>\n<p><strong>Mehrwertsteuer-Nummer NL820189285B01 | KVK-Nummer 27242562<\/strong><\/p>\n<p><strong>Zweckbezogene Daten<\/strong><\/p>\n<p>MetazetPersonenbezogene Daten werden von uns f\u00fcr eine Reihe von Zwecken gesammelt. Diese werden im Folgenden erl\u00e4utert. <\/p>\n<p><strong>Kontakt aufnehmen<\/strong><\/p>\n<p>Metazet Ihre Daten werden erfasst, wenn Sie \u00fcber die Website Kontakt aufnehmen. In diesem Formular werden jedoch nur die Daten abgefragt, die erforderlich sind, um Ihnen ein Angebot oder eine Dienstleistung zu unterbreiten, z. B. Ihr Name, Ihr Firmenname, Ihre E-Mail-Adresse, Ihre Telefonnummer und Ihre Projektbeschreibung. <\/p>\n<p><strong>Analytik<\/strong><\/p>\n<p>Metazet Die Website sammelt Ihre Daten, um die Website zu verbessern. Dies geschieht mit Google Analytics. Diese Daten sind anonym und werden nicht mit Ihren pers\u00f6nlichen Daten verkn\u00fcpft. Dazu geh\u00f6ren Informationen wie die Dauer Ihres Website-Besuchs oder die Seiten, die Sie h\u00e4ufig besuchen.   <\/p>\n<p>Alle Daten werden nur mit Ihrer ausdr\u00fccklichen Zustimmung oder in Ausf\u00fchrung der getroffenen Vereinbarungen verarbeitet.  <\/p>\n<p><strong>Receiver<\/strong><\/p>\n<p>Metazet Die von Ihnen empfangenen und verarbeiteten Daten werden von uns verwaltet:<\/p>\n<p><strong>Hosting<\/strong><\/p>\n<p>Metazet Die E-Mails von FormFlex werden von Microsoft Office 365 gehostet. Wenn Sie uns \u00fcber die Formulare oder per E-Mail kontaktieren, werden die entsprechenden E-Mails auf den Servern von Microsoft gespeichert. <\/p>\n<p><strong>Website<\/strong><\/p>\n<p>Die Website und Backups der Website werden bei WideXS gehostet. Metazet Daten, die Sie auf der FormFlex-Website hinterlassen, werden auf den Servern von WideXS gespeichert. <\/p>\n<p><strong>Dauer der Lagerung<\/strong><\/p>\n<p>MetazetIhre Daten werden von , aber nie l\u00e4nger aufbewahrt, als es f\u00fcr die Durchf\u00fchrung von Aktivit\u00e4ten notwendig ist, es sei denn, wir m\u00fcssen Ihre Daten aufgrund einer gesetzlichen Regelung l\u00e4nger aufbewahren.<\/p>\n<p><strong>Kontakt aufnehmen<\/strong><\/p>\n<p>Metazet Wenn Sie per E-Mail Kontakt aufnehmen, werden die von Ihnen gesendeten Daten, wie Ihr Name, Ihr Firmenname und Ihre E-Mail-Adresse, auf dem Mailserver gespeichert. Diese Mails werden bis zu zwei Jahre lang gespeichert. <\/p>\n<p><strong>Analytik<\/strong><\/p>\n<p>Die von Analytics auf der Website erfassten Daten sind anonym, d.h. sie werden nicht mit Ihrem Namen, Ihrer Firma oder Ihrer E-Mail-Adresse in Verbindung gebracht. Diese Daten werden auf unbestimmte Zeit in Google Analytics gespeichert. <\/p>\n\t\t\t\t\t\t\t\t<\/div>\n\t\t\t\t<\/div>\n\t\t\t\t<\/div>\n\t\t<div class=\"elementor-element elementor-element-9371e76 e-con-full e-flex e-con e-child\" data-id=\"9371e76\" data-element_type=\"container\" data-e-type=\"container\">\n\t\t\t\t<div class=\"elementor-element elementor-element-da47e0d animated-slow elementor-invisible elementor-widget elementor-widget-text-editor\" data-id=\"da47e0d\" data-element_type=\"widget\" data-e-type=\"widget\" data-settings=\"{&quot;_animation&quot;:&quot;fadeIn&quot;,&quot;_animation_delay&quot;:200}\" data-widget_type=\"text-editor.default\">\n\t\t\t\t<div class=\"elementor-widget-container\">\n\t\t\t\t\t\t\t\t\t<p><strong>Sicherheit<\/strong><\/p>\n<p>Es werden keine physischen Kopien Ihrer pers\u00f6nlichen Daten erstellt. Ihre Daten werden nur in den oben genannten Systemen und der Software verwaltet. <\/p>\n<p>Metazet Personenbezogene Daten, die von oder durch die oben genannten Dritten verwaltet werden, sind nur \u00fcber die oben genannte Software zug\u00e4nglich und werden durch ein Passwort und, soweit m\u00f6glich, durch eine zweistufige Verifizierung gesch\u00fctzt.<\/p>\n<p>MetazetBei dieser zweistufigen Verifizierung wird von der Software ein Code generiert und an gesendet. Dieser Code sollte w\u00e4hrend des Anmeldevorgangs verwendet werden. <\/p>\n<p>Die Ger\u00e4te, die auf Ihre Daten zugreifen, sind jeweils selbst mit einem Passwort und\/oder Fingerabdruck gesperrt. Die Anzahl der Ger\u00e4te, die auf Ihre Daten zugreifen k\u00f6nnen, ist auf die notwendigen Ger\u00e4te beschr\u00e4nkt. <\/p>\n<p>Dar\u00fcber hinaus ist Ihr Besuch auf unserer Website durch ein SSL-Zertifikat gesch\u00fctzt. Metazet Das bedeutet, dass Ihre Verbindung zur Website privat ist. Sie erkennen diese Sicherheit an dem gr\u00fcnen Schloss vor der URL.  <\/p>\n<p><strong>Ihre Rechte<\/strong><\/p>\n<p><strong>Recht auf Einsichtnahme<\/strong><\/p>\n<p>Metazet Sie haben jederzeit das Recht, die Erfassung und Speicherung Ihrer Daten zu verlangen. Metazet Sie k\u00f6nnen dies tun, indem Sie eine E-Mail senden oder uns telefonisch kontaktieren. Sie erhalten dann eine \u00dcbersicht \u00fcber Ihre Daten.  <\/p>\n<p><strong>Recht auf Berichtigung<\/strong><\/p>\n<p>Sind Ihre Angaben falsch? Oder haben sich Ihre Daten ge\u00e4ndert? Metazet Sie haben das Recht, diese Daten berichtigen zu lassen.  <\/p>\n<p><strong>Recht auf L\u00f6schung von Daten<\/strong><\/p>\n<p>Metazet M\u00f6chten Sie nicht mehr, dass Ihre Daten bei ? Dann haben Sie das Recht, Ihre Daten l\u00f6schen zu lassen. <\/p>\n<p><strong>Recht auf Einreichung einer Beschwerde<\/strong><\/p>\n<p>Metazet Sie haben das Recht, sich bei der Datenschutzbeh\u00f6rde zu beschweren, wenn Sie das Gef\u00fchl haben, dass Ihre Daten nicht ordnungsgem\u00e4\u00df behandelt werden.<\/p>\n<p><strong>Recht auf Beendigung der Datennutzung (Widerspruch)<\/strong><\/p>\n<p>Metazet M\u00f6chten Sie nicht, dass Ihre Daten verwendet werden? Dann haben Sie das Recht, die Verwendung Ihrer pers\u00f6nlichen Daten zu stoppen. <\/p>\n<p>Sie k\u00f6nnen diese Rechte \u00fcber <a href=\"mailto:henryhuiskens@metazet.com\">henryhuiskens@metazet.comonder<\/a>aus\u00fcben, indem Sie eine Kopie des Ausweises schicken, auf dem das Passfoto, die Zahlen am unteren Rand des Passes, die Ausweisnummer und die BSN unleserlich gemacht wurden. Das Ziel ist es, innerhalb einer Woche zu antworten. <\/p>\n<p><strong>Aufgaben<\/strong><\/p>\n<p>Metazet verarbeitet personenbezogene Daten auf der Grundlage eines berechtigten Interesses, n\u00e4mlich eines kommerziellen Interesses. Metazet Beispiele hierf\u00fcr sind das Anbieten von Dienstleistungen oder Produkten per E-Mail. Ihre Daten werden niemals an Dritte verkauft.  <\/p>\n<p>Die Daten, deren Angabe obligatorisch ist, sind die Mindestdaten, die erforderlich sind, um die Dienstleistungen oder Produkte anzubieten. Zum Beispiel wird Ihre E-Mail-Adresse oder Telefonnummer ben\u00f6tigt, um Sie zu kontaktieren. Metazet Wenn diese obligatorischen Daten nicht angegeben werden, kann der betreffende Service nicht angeboten werden.  <\/p>\n<p>Metazet Sollte es notwendig sein, Daten, die Sie uns mitgeteilt haben, an andere als die oben genannten Parteien weiterzugeben, werden wir zun\u00e4chst Ihre Zustimmung einholen.<\/p>\n<p>Metazet Metazet Metazet beh\u00e4lt sich das Recht vor, Daten weiterzugeben, wenn dies gesetzlich vorgeschrieben ist oder wenn wir es f\u00fcr gerechtfertigt halten, um einer gesetzlichen Anforderung\/L\u00f6sung nachzukommen oder um die Rechte, das Eigentum oder die Sicherheit von . Dabei sind wir stets bem\u00fcht, Ihr Recht auf Privatsph\u00e4re so weit wie m\u00f6glich zu respektieren. <\/p>\n<p>Haben Sie noch Fragen? Dann kontaktieren Sie uns bitte \u00fcber die unten stehenden Angaben. <\/p>\n<p><strong> <\/strong><\/p>\n<p><a href=\"mailto:info@metazet.com\"><strong>info@metazet.com<\/strong><\/a><strong>| +31-174-225822<\/strong><\/p>\n<p><strong>De Lierseweg 6 | 2291 PD | Wateringen<\/strong><\/p>\n<p><strong>Mehrwertsteuernummer NL820189285B01 | KVK-Nummer 27242562<\/strong><\/p>\n\t\t\t\t\t\t\t\t<\/div>\n\t\t\t\t<\/div>\n\t\t\t\t<\/div>\n\t\t\t\t<\/div>\n\t\t<div class=\"elementor-element elementor-element-9a8acb5 e-flex e-con-boxed e-con e-parent\" data-id=\"9a8acb5\" data-element_type=\"container\" data-e-type=\"container\" data-settings=\"{&quot;background_background&quot;:&quot;classic&quot;}\">\n\t\t\t\t\t<div class=\"e-con-inner\">\n\t\t<div class=\"elementor-element elementor-element-0d0334f e-con-full animated-slow e-flex elementor-invisible e-con e-child\" data-id=\"0d0334f\" data-element_type=\"container\" data-e-type=\"container\" data-settings=\"{&quot;animation&quot;:&quot;fadeIn&quot;}\">\n\t\t\t\t<div class=\"elementor-element elementor-element-e1c33ce elementor-widget elementor-widget-text-editor\" data-id=\"e1c33ce\" data-element_type=\"widget\" data-e-type=\"widget\" data-widget_type=\"text-editor.default\">\n\t\t\t\t<div class=\"elementor-widget-container\">\n\t\t\t\t\t\t\t\t\t<p><span class=\"TextRun SCXW18575558 BCX0\" lang=\"NL-NL\" xml:lang=\"NL-NL\" data-contrast=\"auto\"><span class=\"NormalTextRun SCXW18575558 BCX0\">Kontaktieren Sie uns noch heute f\u00fcr eine ma\u00dfgeschneiderte L\u00f6sung und machen Sie Ihre Logistik intelligenter und effizienter<\/span><\/span><\/p>\n\t\t\t\t\t\t\t\t<\/div>\n\t\t\t\t<\/div>\n\t\t\t\t<div class=\"elementor-element elementor-element-fb9f562 elementor-widget elementor-widget-button\" data-id=\"fb9f562\" data-element_type=\"widget\" data-e-type=\"widget\" data-widget_type=\"button.default\">\n\t\t\t\t<div class=\"elementor-widget-container\">\n\t\t\t\t\t\t\t\t\t<div class=\"elementor-button-wrapper\">\n\t\t\t\t\t<a class=\"elementor-button elementor-button-link elementor-size-sm\" href=\"https:\/\/mobility.metazet.com\/de\/kontakt\/\">\n\t\t\t\t\t\t<span class=\"elementor-button-content-wrapper\">\n\t\t\t\t\t\t\t\t\t<span class=\"elementor-button-text\">Kontakt aufnehmen<\/span>\n\t\t\t\t\t<\/span>\n\t\t\t\t\t<\/a>\n\t\t\t\t<\/div>\n\t\t\t\t\t\t\t\t<\/div>\n\t\t\t\t<\/div>\n\t\t\t\t<\/div>\n\t\t\t\t\t<\/div>\n\t\t\t\t<\/div>\n\t\t\t\t<\/div>\n\t\t","protected":false},"excerpt":{"rendered":"<p>Erkl\u00e4rung zum Datenschutz Mobility MetazetHier finden Sie die Datenschutzbestimmungen von . Erkl\u00e4rung zum Datenschutz MetazetHier wird beschrieben, wie Ihre pers\u00f6nlichen Daten, die von uns gesammelt wurden, behandelt werden. Einf\u00fchrung In dieser Datenschutzerkl\u00e4rung erfahren Sie alles dar\u00fcber, wie Ihre pers\u00f6nlichen Daten gesammelt und behandelt werden. Sie erkl\u00e4rt, wo Ihre Daten gespeichert werden und zu welchen Zwecken [&hellip;]<\/p>\n","protected":false},"author":1,"featured_media":0,"parent":0,"menu_order":0,"comment_status":"closed","ping_status":"closed","template":"","meta":{"footnotes":""},"class_list":["post-2606","page","type-page","status-publish","hentry"],"yoast_head":"<!-- This site is optimized with the Yoast SEO plugin v27.3 - https:\/\/yoast.com\/product\/yoast-seo-wordpress\/ -->\n<title>Erkl\u00e4rung zum Datenschutz - Metazet Mobility<\/title>\n<meta name=\"robots\" content=\"index, follow, max-snippet:-1, max-image-preview:large, max-video-preview:-1\" \/>\n<link rel=\"canonical\" href=\"https:\/\/mobility.metazet.com\/de\/erklaerung-zum-datenschutz\/\" \/>\n<meta property=\"og:locale\" content=\"de_DE\" \/>\n<meta property=\"og:type\" content=\"article\" \/>\n<meta property=\"og:title\" content=\"Erkl\u00e4rung zum Datenschutz - Metazet Mobility\" \/>\n<meta property=\"og:description\" content=\"Erkl\u00e4rung zum Datenschutz Mobility MetazetHier finden Sie die Datenschutzbestimmungen von . Erkl\u00e4rung zum Datenschutz MetazetHier wird beschrieben, wie Ihre pers\u00f6nlichen Daten, die von uns gesammelt wurden, behandelt werden. Einf\u00fchrung In dieser Datenschutzerkl\u00e4rung erfahren Sie alles dar\u00fcber, wie Ihre pers\u00f6nlichen Daten gesammelt und behandelt werden. Sie erkl\u00e4rt, wo Ihre Daten gespeichert werden und zu welchen Zwecken [&hellip;]\" \/>\n<meta property=\"og:url\" content=\"https:\/\/mobility.metazet.com\/de\/erklaerung-zum-datenschutz\/\" \/>\n<meta property=\"og:site_name\" content=\"Metazet Mobility\" \/>\n<meta property=\"article:modified_time\" content=\"2024-12-18T15:41:14+00:00\" \/>\n<meta name=\"twitter:card\" content=\"summary_large_image\" \/>\n<meta name=\"twitter:label1\" content=\"Gesch\u00e4tzte Lesezeit\" \/>\n\t<meta name=\"twitter:data1\" content=\"5\u00a0Minuten\" \/>\n<script type=\"application\/ld+json\" class=\"yoast-schema-graph\">{\"@context\":\"https:\\\/\\\/schema.org\",\"@graph\":[{\"@type\":\"WebPage\",\"@id\":\"https:\\\/\\\/mobility.metazet.com\\\/de\\\/erklaerung-zum-datenschutz\\\/\",\"url\":\"https:\\\/\\\/mobility.metazet.com\\\/de\\\/erklaerung-zum-datenschutz\\\/\",\"name\":\"Erkl\u00e4rung zum Datenschutz - Metazet Mobility\",\"isPartOf\":{\"@id\":\"https:\\\/\\\/mobility.metazet.com\\\/de\\\/#website\"},\"datePublished\":\"2024-12-17T08:09:35+00:00\",\"dateModified\":\"2024-12-18T15:41:14+00:00\",\"breadcrumb\":{\"@id\":\"https:\\\/\\\/mobility.metazet.com\\\/de\\\/erklaerung-zum-datenschutz\\\/#breadcrumb\"},\"inLanguage\":\"de\",\"potentialAction\":[{\"@type\":\"ReadAction\",\"target\":[\"https:\\\/\\\/mobility.metazet.com\\\/de\\\/erklaerung-zum-datenschutz\\\/\"]}]},{\"@type\":\"BreadcrumbList\",\"@id\":\"https:\\\/\\\/mobility.metazet.com\\\/de\\\/erklaerung-zum-datenschutz\\\/#breadcrumb\",\"itemListElement\":[{\"@type\":\"ListItem\",\"position\":1,\"name\":\"Home\",\"item\":\"https:\\\/\\\/mobility.metazet.com\\\/de\\\/startseite\\\/\"},{\"@type\":\"ListItem\",\"position\":2,\"name\":\"Erkl\u00e4rung zum Datenschutz\"}]},{\"@type\":\"WebSite\",\"@id\":\"https:\\\/\\\/mobility.metazet.com\\\/de\\\/#website\",\"url\":\"https:\\\/\\\/mobility.metazet.com\\\/de\\\/\",\"name\":\"Mobility Metazet\",\"description\":\"Supporting your mobility \u2013 Oplossingen voor elke logistieke uitdaging\",\"publisher\":{\"@id\":\"https:\\\/\\\/mobility.metazet.com\\\/de\\\/#organization\"},\"potentialAction\":[{\"@type\":\"SearchAction\",\"target\":{\"@type\":\"EntryPoint\",\"urlTemplate\":\"https:\\\/\\\/mobility.metazet.com\\\/de\\\/?s={search_term_string}\"},\"query-input\":{\"@type\":\"PropertyValueSpecification\",\"valueRequired\":true,\"valueName\":\"search_term_string\"}}],\"inLanguage\":\"de\"},{\"@type\":\"Organization\",\"@id\":\"https:\\\/\\\/mobility.metazet.com\\\/de\\\/#organization\",\"name\":\"Mobility Metazet\",\"url\":\"https:\\\/\\\/mobility.metazet.com\\\/de\\\/\",\"logo\":{\"@type\":\"ImageObject\",\"inLanguage\":\"de\",\"@id\":\"https:\\\/\\\/mobility.metazet.com\\\/de\\\/#\\\/schema\\\/logo\\\/image\\\/\",\"url\":\"https:\\\/\\\/mobility.metazet.com\\\/wp-content\\\/uploads\\\/2024\\\/11\\\/Logo-Footer.svg\",\"contentUrl\":\"https:\\\/\\\/mobility.metazet.com\\\/wp-content\\\/uploads\\\/2024\\\/11\\\/Logo-Footer.svg\",\"width\":927,\"height\":542,\"caption\":\"Mobility Metazet\"},\"image\":{\"@id\":\"https:\\\/\\\/mobility.metazet.com\\\/de\\\/#\\\/schema\\\/logo\\\/image\\\/\"}}]}<\/script>\n<!-- \/ Yoast SEO plugin. -->","yoast_head_json":{"title":"Erkl\u00e4rung zum Datenschutz - Metazet Mobility","robots":{"index":"index","follow":"follow","max-snippet":"max-snippet:-1","max-image-preview":"max-image-preview:large","max-video-preview":"max-video-preview:-1"},"canonical":"https:\/\/mobility.metazet.com\/de\/erklaerung-zum-datenschutz\/","og_locale":"de_DE","og_type":"article","og_title":"Erkl\u00e4rung zum Datenschutz - Metazet Mobility","og_description":"Erkl\u00e4rung zum Datenschutz Mobility MetazetHier finden Sie die Datenschutzbestimmungen von . Erkl\u00e4rung zum Datenschutz MetazetHier wird beschrieben, wie Ihre pers\u00f6nlichen Daten, die von uns gesammelt wurden, behandelt werden. Einf\u00fchrung In dieser Datenschutzerkl\u00e4rung erfahren Sie alles dar\u00fcber, wie Ihre pers\u00f6nlichen Daten gesammelt und behandelt werden. Sie erkl\u00e4rt, wo Ihre Daten gespeichert werden und zu welchen Zwecken [&hellip;]","og_url":"https:\/\/mobility.metazet.com\/de\/erklaerung-zum-datenschutz\/","og_site_name":"Metazet Mobility","article_modified_time":"2024-12-18T15:41:14+00:00","twitter_card":"summary_large_image","twitter_misc":{"Gesch\u00e4tzte Lesezeit":"5\u00a0Minuten"},"schema":{"@context":"https:\/\/schema.org","@graph":[{"@type":"WebPage","@id":"https:\/\/mobility.metazet.com\/de\/erklaerung-zum-datenschutz\/","url":"https:\/\/mobility.metazet.com\/de\/erklaerung-zum-datenschutz\/","name":"Erkl\u00e4rung zum Datenschutz - Metazet Mobility","isPartOf":{"@id":"https:\/\/mobility.metazet.com\/de\/#website"},"datePublished":"2024-12-17T08:09:35+00:00","dateModified":"2024-12-18T15:41:14+00:00","breadcrumb":{"@id":"https:\/\/mobility.metazet.com\/de\/erklaerung-zum-datenschutz\/#breadcrumb"},"inLanguage":"de","potentialAction":[{"@type":"ReadAction","target":["https:\/\/mobility.metazet.com\/de\/erklaerung-zum-datenschutz\/"]}]},{"@type":"BreadcrumbList","@id":"https:\/\/mobility.metazet.com\/de\/erklaerung-zum-datenschutz\/#breadcrumb","itemListElement":[{"@type":"ListItem","position":1,"name":"Home","item":"https:\/\/mobility.metazet.com\/de\/startseite\/"},{"@type":"ListItem","position":2,"name":"Erkl\u00e4rung zum Datenschutz"}]},{"@type":"WebSite","@id":"https:\/\/mobility.metazet.com\/de\/#website","url":"https:\/\/mobility.metazet.com\/de\/","name":"Mobility Metazet","description":"Supporting your mobility \u2013 Oplossingen voor elke logistieke uitdaging","publisher":{"@id":"https:\/\/mobility.metazet.com\/de\/#organization"},"potentialAction":[{"@type":"SearchAction","target":{"@type":"EntryPoint","urlTemplate":"https:\/\/mobility.metazet.com\/de\/?s={search_term_string}"},"query-input":{"@type":"PropertyValueSpecification","valueRequired":true,"valueName":"search_term_string"}}],"inLanguage":"de"},{"@type":"Organization","@id":"https:\/\/mobility.metazet.com\/de\/#organization","name":"Mobility Metazet","url":"https:\/\/mobility.metazet.com\/de\/","logo":{"@type":"ImageObject","inLanguage":"de","@id":"https:\/\/mobility.metazet.com\/de\/#\/schema\/logo\/image\/","url":"https:\/\/mobility.metazet.com\/wp-content\/uploads\/2024\/11\/Logo-Footer.svg","contentUrl":"https:\/\/mobility.metazet.com\/wp-content\/uploads\/2024\/11\/Logo-Footer.svg","width":927,"height":542,"caption":"Mobility Metazet"},"image":{"@id":"https:\/\/mobility.metazet.com\/de\/#\/schema\/logo\/image\/"}}]}},"_links":{"self":[{"href":"https:\/\/mobility.metazet.com\/de\/wp-json\/wp\/v2\/pages\/2606","targetHints":{"allow":["GET"]}}],"collection":[{"href":"https:\/\/mobility.metazet.com\/de\/wp-json\/wp\/v2\/pages"}],"about":[{"href":"https:\/\/mobility.metazet.com\/de\/wp-json\/wp\/v2\/types\/page"}],"author":[{"embeddable":true,"href":"https:\/\/mobility.metazet.com\/de\/wp-json\/wp\/v2\/users\/1"}],"replies":[{"embeddable":true,"href":"https:\/\/mobility.metazet.com\/de\/wp-json\/wp\/v2\/comments?post=2606"}],"version-history":[{"count":1,"href":"https:\/\/mobility.metazet.com\/de\/wp-json\/wp\/v2\/pages\/2606\/revisions"}],"predecessor-version":[{"id":2608,"href":"https:\/\/mobility.metazet.com\/de\/wp-json\/wp\/v2\/pages\/2606\/revisions\/2608"}],"wp:attachment":[{"href":"https:\/\/mobility.metazet.com\/de\/wp-json\/wp\/v2\/media?parent=2606"}],"curies":[{"name":"wp","href":"https:\/\/api.w.org\/{rel}","templated":true}]}}