{"id":2488,"date":"2024-12-11T14:29:08","date_gmt":"2024-12-11T14:29:08","guid":{"rendered":"https:\/\/mobility.metazet.com\/product\/trike-3000s-3\/"},"modified":"2025-12-15T12:41:41","modified_gmt":"2025-12-15T12:41:41","slug":"trike-3000s-3","status":"publish","type":"product","link":"https:\/\/mobility.metazet.com\/de\/product\/trike-3000s-3\/","title":{"rendered":"Trike-3000S"},"featured_media":2132,"template":"","maatwerk":[46],"productcategorie":[55],"sector":[62],"class_list":["post-2488","product","type-product","status-publish","has-post-thumbnail","hentry","maatwerk-keine-anpassung","productcategorie-ziehen-sie","sector-industrie-de"],"yoast_head":"<!-- This site is optimized with the Yoast SEO plugin v27.3 - https:\/\/yoast.com\/product\/yoast-seo-wordpress\/ -->\n<title>Trike-3000S Industrie - Metazet Mobility%<\/title>\n<meta name=\"description\" content=\"Das Trike-3000S ist mit einer Anh\u00e4ngelast von 3500 kg f\u00fcr schwerste industrielle Transportaufgaben konzipiert. Ideal f\u00fcr den industriellen Sektor.\" \/>\n<meta name=\"robots\" content=\"index, follow, max-snippet:-1, max-image-preview:large, max-video-preview:-1\" \/>\n<link rel=\"canonical\" href=\"https:\/\/mobility.metazet.com\/de\/product\/trike-3000s-3\/\" \/>\n<meta property=\"og:locale\" content=\"de_DE\" \/>\n<meta property=\"og:type\" content=\"article\" \/>\n<meta property=\"og:title\" content=\"Trike-3000S Industrie - Metazet Mobility%\" \/>\n<meta property=\"og:description\" content=\"Das Trike-3000S ist mit einer Anh\u00e4ngelast von 3500 kg f\u00fcr schwerste industrielle Transportaufgaben konzipiert. Ideal f\u00fcr den industriellen Sektor.\" \/>\n<meta property=\"og:url\" content=\"https:\/\/mobility.metazet.com\/de\/product\/trike-3000s-3\/\" \/>\n<meta property=\"og:site_name\" content=\"Metazet Mobility\" \/>\n<meta property=\"article:modified_time\" content=\"2025-12-15T12:41:41+00:00\" \/>\n<meta property=\"og:image\" content=\"https:\/\/mobility.metazet.com\/wp-content\/uploads\/2024\/12\/Trike-3000S-Vooraanzicht-Metazet.jpg\" \/>\n\t<meta property=\"og:image:width\" content=\"1000\" \/>\n\t<meta property=\"og:image:height\" content=\"1000\" \/>\n\t<meta property=\"og:image:type\" content=\"image\/jpeg\" \/>\n<meta name=\"twitter:card\" content=\"summary_large_image\" \/>\n<meta name=\"twitter:label1\" content=\"Gesch\u00e4tzte Lesezeit\" \/>\n\t<meta name=\"twitter:data1\" content=\"1\u00a0Minute\" \/>\n<script type=\"application\/ld+json\" class=\"yoast-schema-graph\">{\"@context\":\"https:\\\/\\\/schema.org\",\"@graph\":[{\"@type\":\"WebPage\",\"@id\":\"https:\\\/\\\/mobility.metazet.com\\\/de\\\/product\\\/trike-3000s-3\\\/\",\"url\":\"https:\\\/\\\/mobility.metazet.com\\\/de\\\/product\\\/trike-3000s-3\\\/\",\"name\":\"Trike-3000S Industrie - Metazet Mobility%\",\"isPartOf\":{\"@id\":\"https:\\\/\\\/mobility.metazet.com\\\/de\\\/#website\"},\"primaryImageOfPage\":{\"@id\":\"https:\\\/\\\/mobility.metazet.com\\\/de\\\/product\\\/trike-3000s-3\\\/#primaryimage\"},\"image\":{\"@id\":\"https:\\\/\\\/mobility.metazet.com\\\/de\\\/product\\\/trike-3000s-3\\\/#primaryimage\"},\"thumbnailUrl\":\"https:\\\/\\\/mobility.metazet.com\\\/wp-content\\\/uploads\\\/2024\\\/12\\\/Trike-3000S-Vooraanzicht-Metazet.jpg\",\"datePublished\":\"2024-12-11T14:29:08+00:00\",\"dateModified\":\"2025-12-15T12:41:41+00:00\",\"description\":\"Das Trike-3000S ist mit einer Anh\u00e4ngelast von 3500 kg f\u00fcr schwerste industrielle Transportaufgaben konzipiert. Ideal f\u00fcr den industriellen Sektor.\",\"breadcrumb\":{\"@id\":\"https:\\\/\\\/mobility.metazet.com\\\/de\\\/product\\\/trike-3000s-3\\\/#breadcrumb\"},\"inLanguage\":\"de\",\"potentialAction\":[{\"@type\":\"ReadAction\",\"target\":[\"https:\\\/\\\/mobility.metazet.com\\\/de\\\/product\\\/trike-3000s-3\\\/\"]}]},{\"@type\":\"ImageObject\",\"inLanguage\":\"de\",\"@id\":\"https:\\\/\\\/mobility.metazet.com\\\/de\\\/product\\\/trike-3000s-3\\\/#primaryimage\",\"url\":\"https:\\\/\\\/mobility.metazet.com\\\/wp-content\\\/uploads\\\/2024\\\/12\\\/Trike-3000S-Vooraanzicht-Metazet.jpg\",\"contentUrl\":\"https:\\\/\\\/mobility.metazet.com\\\/wp-content\\\/uploads\\\/2024\\\/12\\\/Trike-3000S-Vooraanzicht-Metazet.jpg\",\"width\":1000,\"height\":1000,\"caption\":\"De Trike-3000S is een krachtige elektrische driewieler. Een wendbaar voertuig met een trekkracht van 3500 kg.\"},{\"@type\":\"BreadcrumbList\",\"@id\":\"https:\\\/\\\/mobility.metazet.com\\\/de\\\/product\\\/trike-3000s-3\\\/#breadcrumb\",\"itemListElement\":[{\"@type\":\"ListItem\",\"position\":1,\"name\":\"Home\",\"item\":\"https:\\\/\\\/mobility.metazet.com\\\/de\\\/startseite\\\/\"},{\"@type\":\"ListItem\",\"position\":2,\"name\":\"Producten\",\"item\":\"https:\\\/\\\/mobility.metazet.com\\\/de\\\/product\\\/\"},{\"@type\":\"ListItem\",\"position\":3,\"name\":\"Trike-3000S\"}]},{\"@type\":\"WebSite\",\"@id\":\"https:\\\/\\\/mobility.metazet.com\\\/de\\\/#website\",\"url\":\"https:\\\/\\\/mobility.metazet.com\\\/de\\\/\",\"name\":\"Mobility Metazet\",\"description\":\"Supporting your mobility \u2013 Oplossingen voor elke logistieke uitdaging\",\"publisher\":{\"@id\":\"https:\\\/\\\/mobility.metazet.com\\\/de\\\/#organization\"},\"potentialAction\":[{\"@type\":\"SearchAction\",\"target\":{\"@type\":\"EntryPoint\",\"urlTemplate\":\"https:\\\/\\\/mobility.metazet.com\\\/de\\\/?s={search_term_string}\"},\"query-input\":{\"@type\":\"PropertyValueSpecification\",\"valueRequired\":true,\"valueName\":\"search_term_string\"}}],\"inLanguage\":\"de\"},{\"@type\":\"Organization\",\"@id\":\"https:\\\/\\\/mobility.metazet.com\\\/de\\\/#organization\",\"name\":\"Mobility Metazet\",\"url\":\"https:\\\/\\\/mobility.metazet.com\\\/de\\\/\",\"logo\":{\"@type\":\"ImageObject\",\"inLanguage\":\"de\",\"@id\":\"https:\\\/\\\/mobility.metazet.com\\\/de\\\/#\\\/schema\\\/logo\\\/image\\\/\",\"url\":\"https:\\\/\\\/mobility.metazet.com\\\/wp-content\\\/uploads\\\/2024\\\/11\\\/Logo-Footer.svg\",\"contentUrl\":\"https:\\\/\\\/mobility.metazet.com\\\/wp-content\\\/uploads\\\/2024\\\/11\\\/Logo-Footer.svg\",\"width\":927,\"height\":542,\"caption\":\"Mobility Metazet\"},\"image\":{\"@id\":\"https:\\\/\\\/mobility.metazet.com\\\/de\\\/#\\\/schema\\\/logo\\\/image\\\/\"}}]}<\/script>\n<!-- \/ Yoast SEO plugin. -->","yoast_head_json":{"title":"Trike-3000S Industrie - Metazet Mobility%","description":"Das Trike-3000S ist mit einer Anh\u00e4ngelast von 3500 kg f\u00fcr schwerste industrielle Transportaufgaben konzipiert. Ideal f\u00fcr den industriellen Sektor.","robots":{"index":"index","follow":"follow","max-snippet":"max-snippet:-1","max-image-preview":"max-image-preview:large","max-video-preview":"max-video-preview:-1"},"canonical":"https:\/\/mobility.metazet.com\/de\/product\/trike-3000s-3\/","og_locale":"de_DE","og_type":"article","og_title":"Trike-3000S Industrie - Metazet Mobility%","og_description":"Das Trike-3000S ist mit einer Anh\u00e4ngelast von 3500 kg f\u00fcr schwerste industrielle Transportaufgaben konzipiert. Ideal f\u00fcr den industriellen Sektor.","og_url":"https:\/\/mobility.metazet.com\/de\/product\/trike-3000s-3\/","og_site_name":"Metazet Mobility","article_modified_time":"2025-12-15T12:41:41+00:00","og_image":[{"width":1000,"height":1000,"url":"https:\/\/mobility.metazet.com\/wp-content\/uploads\/2024\/12\/Trike-3000S-Vooraanzicht-Metazet.jpg","type":"image\/jpeg"}],"twitter_card":"summary_large_image","twitter_misc":{"Gesch\u00e4tzte Lesezeit":"1\u00a0Minute"},"schema":{"@context":"https:\/\/schema.org","@graph":[{"@type":"WebPage","@id":"https:\/\/mobility.metazet.com\/de\/product\/trike-3000s-3\/","url":"https:\/\/mobility.metazet.com\/de\/product\/trike-3000s-3\/","name":"Trike-3000S Industrie - Metazet Mobility%","isPartOf":{"@id":"https:\/\/mobility.metazet.com\/de\/#website"},"primaryImageOfPage":{"@id":"https:\/\/mobility.metazet.com\/de\/product\/trike-3000s-3\/#primaryimage"},"image":{"@id":"https:\/\/mobility.metazet.com\/de\/product\/trike-3000s-3\/#primaryimage"},"thumbnailUrl":"https:\/\/mobility.metazet.com\/wp-content\/uploads\/2024\/12\/Trike-3000S-Vooraanzicht-Metazet.jpg","datePublished":"2024-12-11T14:29:08+00:00","dateModified":"2025-12-15T12:41:41+00:00","description":"Das Trike-3000S ist mit einer Anh\u00e4ngelast von 3500 kg f\u00fcr schwerste industrielle Transportaufgaben konzipiert. Ideal f\u00fcr den industriellen Sektor.","breadcrumb":{"@id":"https:\/\/mobility.metazet.com\/de\/product\/trike-3000s-3\/#breadcrumb"},"inLanguage":"de","potentialAction":[{"@type":"ReadAction","target":["https:\/\/mobility.metazet.com\/de\/product\/trike-3000s-3\/"]}]},{"@type":"ImageObject","inLanguage":"de","@id":"https:\/\/mobility.metazet.com\/de\/product\/trike-3000s-3\/#primaryimage","url":"https:\/\/mobility.metazet.com\/wp-content\/uploads\/2024\/12\/Trike-3000S-Vooraanzicht-Metazet.jpg","contentUrl":"https:\/\/mobility.metazet.com\/wp-content\/uploads\/2024\/12\/Trike-3000S-Vooraanzicht-Metazet.jpg","width":1000,"height":1000,"caption":"De Trike-3000S is een krachtige elektrische driewieler. Een wendbaar voertuig met een trekkracht van 3500 kg."},{"@type":"BreadcrumbList","@id":"https:\/\/mobility.metazet.com\/de\/product\/trike-3000s-3\/#breadcrumb","itemListElement":[{"@type":"ListItem","position":1,"name":"Home","item":"https:\/\/mobility.metazet.com\/de\/startseite\/"},{"@type":"ListItem","position":2,"name":"Producten","item":"https:\/\/mobility.metazet.com\/de\/product\/"},{"@type":"ListItem","position":3,"name":"Trike-3000S"}]},{"@type":"WebSite","@id":"https:\/\/mobility.metazet.com\/de\/#website","url":"https:\/\/mobility.metazet.com\/de\/","name":"Mobility Metazet","description":"Supporting your mobility \u2013 Oplossingen voor elke logistieke uitdaging","publisher":{"@id":"https:\/\/mobility.metazet.com\/de\/#organization"},"potentialAction":[{"@type":"SearchAction","target":{"@type":"EntryPoint","urlTemplate":"https:\/\/mobility.metazet.com\/de\/?s={search_term_string}"},"query-input":{"@type":"PropertyValueSpecification","valueRequired":true,"valueName":"search_term_string"}}],"inLanguage":"de"},{"@type":"Organization","@id":"https:\/\/mobility.metazet.com\/de\/#organization","name":"Mobility Metazet","url":"https:\/\/mobility.metazet.com\/de\/","logo":{"@type":"ImageObject","inLanguage":"de","@id":"https:\/\/mobility.metazet.com\/de\/#\/schema\/logo\/image\/","url":"https:\/\/mobility.metazet.com\/wp-content\/uploads\/2024\/11\/Logo-Footer.svg","contentUrl":"https:\/\/mobility.metazet.com\/wp-content\/uploads\/2024\/11\/Logo-Footer.svg","width":927,"height":542,"caption":"Mobility Metazet"},"image":{"@id":"https:\/\/mobility.metazet.com\/de\/#\/schema\/logo\/image\/"}}]}},"_links":{"self":[{"href":"https:\/\/mobility.metazet.com\/de\/wp-json\/wp\/v2\/product\/2488","targetHints":{"allow":["GET"]}}],"collection":[{"href":"https:\/\/mobility.metazet.com\/de\/wp-json\/wp\/v2\/product"}],"about":[{"href":"https:\/\/mobility.metazet.com\/de\/wp-json\/wp\/v2\/types\/product"}],"wp:featuredmedia":[{"embeddable":true,"href":"https:\/\/mobility.metazet.com\/de\/wp-json\/wp\/v2\/media\/2132"}],"wp:attachment":[{"href":"https:\/\/mobility.metazet.com\/de\/wp-json\/wp\/v2\/media?parent=2488"}],"wp:term":[{"taxonomy":"maatwerk","embeddable":true,"href":"https:\/\/mobility.metazet.com\/de\/wp-json\/wp\/v2\/maatwerk?post=2488"},{"taxonomy":"productcategorie","embeddable":true,"href":"https:\/\/mobility.metazet.com\/de\/wp-json\/wp\/v2\/productcategorie?post=2488"},{"taxonomy":"sector","embeddable":true,"href":"https:\/\/mobility.metazet.com\/de\/wp-json\/wp\/v2\/sector?post=2488"}],"curies":[{"name":"wp","href":"https:\/\/api.w.org\/{rel}","templated":true}]}}